{"id":1364,"date":"2018-05-11T13:07:21","date_gmt":"2018-05-11T11:07:21","guid":{"rendered":"https:\/\/gemini.pl\/poradnik\/?page_id=1364"},"modified":"2022-12-10T14:06:38","modified_gmt":"2022-12-10T13:06:38","slug":"zapytaj-farmaceute","status":"publish","type":"page","link":"https:\/\/gemini.pl\/poradnik\/zapytaj-farmaceute\/","title":{"rendered":"Zapytaj Farmaceut\u0119"},"content":{"rendered":"\n<div class=\"wpcf7 no-js\" id=\"wpcf7-f61706-o1\" lang=\"pl-PL\" dir=\"ltr\" data-wpcf7-id=\"61706\">\n<div class=\"screen-reader-response\"><p role=\"status\" aria-live=\"polite\" aria-atomic=\"true\"><\/p> <ul><\/ul><\/div>\n<form action=\"\/poradnik\/wp-json\/wp\/v2\/pages\/1364#wpcf7-f61706-o1\" method=\"post\" class=\"wpcf7-form init wpcf7-acceptance-as-validation\" aria-label=\"Formularz kontaktowy\" novalidate=\"novalidate\" data-status=\"init\">\n<fieldset class=\"hidden-fields-container\"><input type=\"hidden\" name=\"_wpcf7\" value=\"61706\" \/><input type=\"hidden\" name=\"_wpcf7_version\" value=\"6.1\" \/><input type=\"hidden\" name=\"_wpcf7_locale\" value=\"pl_PL\" \/><input type=\"hidden\" name=\"_wpcf7_unit_tag\" value=\"wpcf7-f61706-o1\" \/><input type=\"hidden\" name=\"_wpcf7_container_post\" value=\"0\" \/><input type=\"hidden\" name=\"_wpcf7_posted_data_hash\" value=\"\" \/><input type=\"hidden\" name=\"_wpcf7_recaptcha_response\" value=\"\" \/>\n<\/fieldset>\n<div class=\"input-wrap input-wrap--flex input-wrap--name input-wrap--required\">\n\t<p><span class=\"wpcf7-form-control-wrap\" data-name=\"your-name\"><input size=\"40\" maxlength=\"400\" class=\"wpcf7-form-control wpcf7-text wpcf7-validates-as-required\" aria-required=\"true\" aria-invalid=\"false\" value=\"\" type=\"text\" name=\"your-name\" \/><\/span>\n\t<\/p>\n\t<div class=\"input-wrap__placeholder\">\n\t\t<p>Imi\u0119<span class=\"input-wrap__require\"><\/span>\n\t\t<\/p>\n\t<\/div>\n<\/div>\n<div class=\"input-wrap input-wrap--flex input-wrap--email input-wrap--required\">\n\t<p><span class=\"wpcf7-form-control-wrap\" data-name=\"your-email\"><input size=\"40\" maxlength=\"400\" class=\"wpcf7-form-control wpcf7-email wpcf7-validates-as-required wpcf7-text wpcf7-validates-as-email\" aria-required=\"true\" aria-invalid=\"false\" value=\"\" type=\"email\" name=\"your-email\" \/><\/span>\n\t<\/p>\n\t<div class=\"input-wrap__placeholder\">\n\t\t<p>Adres e-mail<span class=\"input-wrap__require\"><\/span>\n\t\t<\/p>\n\t<\/div>\n<\/div>\n<div class=\"input-wrap input-wrap--flex input-wrap--textarea input-wrap--required\">\n\t<p><span class=\"wpcf7-form-control-wrap\" data-name=\"your-message\"><textarea cols=\"40\" rows=\"3\" maxlength=\"2000\" class=\"wpcf7-form-control wpcf7-textarea wpcf7-validates-as-required\" aria-required=\"true\" aria-invalid=\"false\" name=\"your-message\"><\/textarea><\/span>\n\t<\/p>\n\t<div class=\"input-wrap__placeholder\">\n\t\t<p>Twoje pytanie<span class=\"input-wrap__require\"><\/span>\n\t\t<\/p>\n\t<\/div>\n<\/div>\n<div class=\"checkmark-wrap checkmark-wrap--short\">\n\t<p><span class=\"wpcf7-form-control-wrap\" data-name=\"acceptance-585\"><span class=\"wpcf7-form-control wpcf7-acceptance\"><span class=\"wpcf7-list-item\"><label><input type=\"checkbox\" name=\"acceptance-585\" value=\"1\" aria-invalid=\"false\" \/><span class=\"wpcf7-list-item-label\"><span class=\"checkmark-wrap__required\"><\/span>Wyra\u017cam zgod\u0119 na przetwarzanie przez AGIP Sp. z o.o. danych osobowych, w tym danych dotycz\u0105cych zdrowia przekazywanych nam za pomoc\u0105 formularza kontaktowego w celu udzielenia odpowiedzi na zawarte w formularzu pytanie, kontaktu z nami w tym zakresie i identyfikacji nadawcy. Wszelkie informacje dotycz\u0105ce przetwarzania danych osobowych oraz o przys\u0142uguj\u0105cych Pa\u0144stwu uprawnieniach znajduj\u0105 si\u0119 w naszej <a href=\"https:\/\/aptekaagip.pl\/info\/polityka-prywatnosci\" target=\"_blank\" tabindex=\"-1\">Polityce prywatno\u015bci<\/a>.<span class=\"checkmark-wrap__more\">Poka\u017c wi\u0119cej<\/span><\/span><\/label><\/span><\/span><\/span>\n\t<\/p>\n<\/div>\n<div class=\"checkmark-wrap\">\n\t<p><span class=\"wpcf7-form-control-wrap\" data-name=\"acceptance-573\"><span class=\"wpcf7-form-control wpcf7-acceptance\"><span class=\"wpcf7-list-item\"><label><input type=\"checkbox\" name=\"acceptance-573\" value=\"1\" aria-invalid=\"false\" \/><span class=\"wpcf7-list-item-label\"><span class=\"checkmark-wrap__required\"><\/span>Akceptuj\u0119 <a href=\"https:\/\/aptekaagip.pl\/info\/regulamin-uslug-farmaceutycznych-2\" target=\"_blank\">Regulamin<\/a> i <a href=\"https:\/\/aptekaagip.pl\/info\/polityka-prywatnosci\" target=\"_blank\">Polityk\u0119 prywatno\u015bci<\/a>.<\/span><\/label><\/span><\/span><\/span>\n\t<\/p>\n<\/div>\n<p><span id=\"wpcf7-69e0d2d4b0bcd-wrapper\" class=\"wpcf7-form-control-wrap title-610-wrap\" ><input type=\"hidden\" name=\"title-610-time-start\" value=\"1776341716\"><input type=\"hidden\" name=\"title-610-time-check\" value=\"4\"><input id=\"wpcf7-69e0d2d4b0bcd-field\"  class=\"wpcf7-form-control wpcf7-text\" type=\"text\" name=\"title-610\" value=\"\" size=\"40\" tabindex=\"-1\" autocomplete=\"new-password\" \/><\/span>\n<\/p>\n<div class=\"ask-farm__button-container\">\n\t<p><a class=\"button button--xl button--secondary button--uppercase button--exit-window\">Anuluj<\/a><br \/>\n<input class=\"wpcf7-form-control wpcf7-submit has-spinner button button--xl button--primary button--uppercase\" type=\"submit\" value=\"Wy\u015blij pytanie\" \/>\n\t<\/p>\n<\/div><p style=\"display: none !important;\" class=\"akismet-fields-container\" data-prefix=\"_wpcf7_ak_\"><label>&#916;<textarea name=\"_wpcf7_ak_hp_textarea\" cols=\"45\" rows=\"8\" maxlength=\"100\"><\/textarea><\/label><input type=\"hidden\" id=\"ak_js_1\" name=\"_wpcf7_ak_js\" value=\"50\"\/><script>document.getElementById( \"ak_js_1\" ).setAttribute( \"value\", ( new Date() ).getTime() );<\/script><\/p><div class=\"wpcf7-response-output\" aria-hidden=\"true\"><\/div>\n<\/form>\n<\/div>\n\n","protected":false},"excerpt":{"rendered":"","protected":false},"author":1,"featured_media":0,"parent":0,"menu_order":0,"comment_status":"closed","ping_status":"closed","template":"ask-farm.php","meta":{"footnotes":""},"class_list":["post-1364","page","type-page","status-publish","hentry"],"yoast_head":"<!-- This site is optimized with the Yoast SEO Premium plugin v25.5 (Yoast SEO v25.5) - https:\/\/yoast.com\/wordpress\/plugins\/seo\/ -->\n<title>Zapytaj Farmaceut\u0119<\/title>\n<meta name=\"description\" content=\"Masz pytanie, szukasz fachowej porady za darmo? Zapytaj farmaceut\u0119! Ch\u0119tnie udzielimy Ci porad zdrowotnych, odpowiemy na pytania o dob\u00f3r lek\u00f3w i ich dzia\u0142anie oraz pomo\u017cemy przy kompletowaniu wyprawki.\" \/>\n<meta name=\"robots\" content=\"noindex, follow\" \/>\n<meta property=\"og:locale\" content=\"pl_PL\" \/>\n<meta property=\"og:type\" content=\"article\" \/>\n<meta property=\"og:title\" content=\"Zapytaj Farmaceut\u0119\" \/>\n<meta property=\"og:description\" content=\"Masz pytanie, szukasz fachowej porady za darmo? Zapytaj farmaceut\u0119! Ch\u0119tnie udzielimy Ci porad zdrowotnych, odpowiemy na pytania o dob\u00f3r lek\u00f3w i ich dzia\u0142anie oraz pomo\u017cemy przy kompletowaniu wyprawki.\" \/>\n<meta property=\"og:url\" content=\"https:\/\/gemini.pl\/poradnik\/zapytaj-farmaceute\/\" \/>\n<meta property=\"og:site_name\" content=\"Poradnik Gemini\" \/>\n<meta property=\"article:publisher\" content=\"https:\/\/www.facebook.com\/apteka.internetowa.gemini\" \/>\n<meta property=\"article:modified_time\" content=\"2022-12-10T13:06:38+00:00\" \/>\n<meta property=\"og:image\" content=\"https:\/\/gemini.pl\/poradnik\/wp-content\/uploads\/2018\/01\/w-tre\u015bci1.jpg\" \/>\n\t<meta property=\"og:image:width\" content=\"710\" \/>\n\t<meta property=\"og:image:height\" content=\"457\" \/>\n\t<meta property=\"og:image:type\" content=\"image\/jpeg\" \/>\n<meta name=\"twitter:card\" content=\"summary_large_image\" \/>\n<meta name=\"twitter:label1\" content=\"Szacowany czas czytania\" \/>\n\t<meta name=\"twitter:data1\" content=\"1 minuta\" \/>\n<script type=\"application\/ld+json\" class=\"yoast-schema-graph\">{\"@context\":\"https:\/\/schema.org\",\"@graph\":[{\"@type\":\"WebPage\",\"@id\":\"https:\/\/gemini.pl\/poradnik\/zapytaj-farmaceute\/\",\"url\":\"https:\/\/gemini.pl\/poradnik\/zapytaj-farmaceute\/\",\"name\":\"Zapytaj Farmaceut\u0119\",\"isPartOf\":{\"@id\":\"https:\/\/gemini.pl\/poradnik\/#website\"},\"datePublished\":\"2018-05-11T11:07:21+00:00\",\"dateModified\":\"2022-12-10T13:06:38+00:00\",\"description\":\"Masz pytanie, szukasz fachowej porady za darmo? Zapytaj farmaceut\u0119! Ch\u0119tnie udzielimy Ci porad zdrowotnych, odpowiemy na pytania o dob\u00f3r lek\u00f3w i ich dzia\u0142anie oraz pomo\u017cemy przy kompletowaniu wyprawki.\",\"inLanguage\":\"pl-PL\",\"potentialAction\":[{\"@type\":\"ReadAction\",\"target\":[\"https:\/\/gemini.pl\/poradnik\/zapytaj-farmaceute\/\"]}]},[],{\"@type\":\"WebSite\",\"@id\":\"https:\/\/gemini.pl\/poradnik\/#website\",\"url\":\"https:\/\/gemini.pl\/poradnik\/\",\"name\":\"Poradnik Gemini\",\"description\":\"Poradnik Gemini to blog informacyjno - edukacyjny o tematyce prozdrowotnej tworzony przez wykwalifikowanych specjalist\u00f3w. Pomagamy zadba\u0107 o zdrowie  dzieci, przysz\u0142ych mam, m\u0119\u017cczyzn oraz os\u00f3b starszych. Odpowiadamy tak\u017ce na pytania pacjent\u00f3w.\",\"publisher\":{\"@id\":\"https:\/\/gemini.pl\/poradnik\/#organization\"},\"potentialAction\":[{\"@type\":\"SearchAction\",\"target\":{\"@type\":\"EntryPoint\",\"urlTemplate\":\"https:\/\/gemini.pl\/poradnik\/?s={search_term_string}\"},\"query-input\":{\"@type\":\"PropertyValueSpecification\",\"valueRequired\":true,\"valueName\":\"search_term_string\"}}],\"inLanguage\":\"pl-PL\"},{\"@type\":\"Organization\",\"@id\":\"https:\/\/gemini.pl\/poradnik\/#organization\",\"name\":\"Poradnik Gemini\",\"url\":\"https:\/\/gemini.pl\/poradnik\/\",\"logo\":{\"@type\":\"ImageObject\",\"inLanguage\":\"pl-PL\",\"@id\":\"https:\/\/gemini.pl\/poradnik\/#\/schema\/logo\/image\/\",\"url\":\"https:\/\/gemini.pl\/poradnik\/wp-content\/uploads\/2019\/04\/poradnik-gemini-logo.jpg\",\"contentUrl\":\"https:\/\/gemini.pl\/poradnik\/wp-content\/uploads\/2019\/04\/poradnik-gemini-logo.jpg\",\"width\":219,\"height\":51,\"caption\":\"Poradnik Gemini\"},\"image\":{\"@id\":\"https:\/\/gemini.pl\/poradnik\/#\/schema\/logo\/image\/\"},\"sameAs\":[\"https:\/\/www.facebook.com\/apteka.internetowa.gemini\"]}]}<\/script>\n<!-- \/ Yoast SEO Premium plugin. -->","yoast_head_json":{"title":"Zapytaj Farmaceut\u0119","description":"Masz pytanie, szukasz fachowej porady za darmo? Zapytaj farmaceut\u0119! Ch\u0119tnie udzielimy Ci porad zdrowotnych, odpowiemy na pytania o dob\u00f3r lek\u00f3w i ich dzia\u0142anie oraz pomo\u017cemy przy kompletowaniu wyprawki.","robots":{"index":"noindex","follow":"follow"},"og_locale":"pl_PL","og_type":"article","og_title":"Zapytaj Farmaceut\u0119","og_description":"Masz pytanie, szukasz fachowej porady za darmo? Zapytaj farmaceut\u0119! Ch\u0119tnie udzielimy Ci porad zdrowotnych, odpowiemy na pytania o dob\u00f3r lek\u00f3w i ich dzia\u0142anie oraz pomo\u017cemy przy kompletowaniu wyprawki.","og_url":"https:\/\/gemini.pl\/poradnik\/zapytaj-farmaceute\/","og_site_name":"Poradnik Gemini","article_publisher":"https:\/\/www.facebook.com\/apteka.internetowa.gemini","article_modified_time":"2022-12-10T13:06:38+00:00","og_image":[{"width":710,"height":457,"url":"https:\/\/gemini.pl\/poradnik\/wp-content\/uploads\/2018\/01\/w-tre\u015bci1.jpg","type":"image\/jpeg"}],"twitter_card":"summary_large_image","twitter_misc":{"Szacowany czas czytania":"1 minuta"},"schema":{"@context":"https:\/\/schema.org","@graph":[{"@type":"WebPage","@id":"https:\/\/gemini.pl\/poradnik\/zapytaj-farmaceute\/","url":"https:\/\/gemini.pl\/poradnik\/zapytaj-farmaceute\/","name":"Zapytaj Farmaceut\u0119","isPartOf":{"@id":"https:\/\/gemini.pl\/poradnik\/#website"},"datePublished":"2018-05-11T11:07:21+00:00","dateModified":"2022-12-10T13:06:38+00:00","description":"Masz pytanie, szukasz fachowej porady za darmo? Zapytaj farmaceut\u0119! Ch\u0119tnie udzielimy Ci porad zdrowotnych, odpowiemy na pytania o dob\u00f3r lek\u00f3w i ich dzia\u0142anie oraz pomo\u017cemy przy kompletowaniu wyprawki.","inLanguage":"pl-PL","potentialAction":[{"@type":"ReadAction","target":["https:\/\/gemini.pl\/poradnik\/zapytaj-farmaceute\/"]}]},[],{"@type":"WebSite","@id":"https:\/\/gemini.pl\/poradnik\/#website","url":"https:\/\/gemini.pl\/poradnik\/","name":"Poradnik Gemini","description":"Poradnik Gemini to blog informacyjno - edukacyjny o tematyce prozdrowotnej tworzony przez wykwalifikowanych specjalist\u00f3w. Pomagamy zadba\u0107 o zdrowie  dzieci, przysz\u0142ych mam, m\u0119\u017cczyzn oraz os\u00f3b starszych. Odpowiadamy tak\u017ce na pytania pacjent\u00f3w.","publisher":{"@id":"https:\/\/gemini.pl\/poradnik\/#organization"},"potentialAction":[{"@type":"SearchAction","target":{"@type":"EntryPoint","urlTemplate":"https:\/\/gemini.pl\/poradnik\/?s={search_term_string}"},"query-input":{"@type":"PropertyValueSpecification","valueRequired":true,"valueName":"search_term_string"}}],"inLanguage":"pl-PL"},{"@type":"Organization","@id":"https:\/\/gemini.pl\/poradnik\/#organization","name":"Poradnik Gemini","url":"https:\/\/gemini.pl\/poradnik\/","logo":{"@type":"ImageObject","inLanguage":"pl-PL","@id":"https:\/\/gemini.pl\/poradnik\/#\/schema\/logo\/image\/","url":"https:\/\/gemini.pl\/poradnik\/wp-content\/uploads\/2019\/04\/poradnik-gemini-logo.jpg","contentUrl":"https:\/\/gemini.pl\/poradnik\/wp-content\/uploads\/2019\/04\/poradnik-gemini-logo.jpg","width":219,"height":51,"caption":"Poradnik Gemini"},"image":{"@id":"https:\/\/gemini.pl\/poradnik\/#\/schema\/logo\/image\/"},"sameAs":["https:\/\/www.facebook.com\/apteka.internetowa.gemini"]}]}},"_links":{"self":[{"href":"https:\/\/gemini.pl\/poradnik\/wp-json\/wp\/v2\/pages\/1364","targetHints":{"allow":["GET"]}}],"collection":[{"href":"https:\/\/gemini.pl\/poradnik\/wp-json\/wp\/v2\/pages"}],"about":[{"href":"https:\/\/gemini.pl\/poradnik\/wp-json\/wp\/v2\/types\/page"}],"author":[{"embeddable":true,"href":"https:\/\/gemini.pl\/poradnik\/wp-json\/wp\/v2\/users\/1"}],"replies":[{"embeddable":true,"href":"https:\/\/gemini.pl\/poradnik\/wp-json\/wp\/v2\/comments?post=1364"}],"version-history":[{"count":12,"href":"https:\/\/gemini.pl\/poradnik\/wp-json\/wp\/v2\/pages\/1364\/revisions"}],"predecessor-version":[{"id":95083,"href":"https:\/\/gemini.pl\/poradnik\/wp-json\/wp\/v2\/pages\/1364\/revisions\/95083"}],"wp:attachment":[{"href":"https:\/\/gemini.pl\/poradnik\/wp-json\/wp\/v2\/media?parent=1364"}],"curies":[{"name":"wp","href":"https:\/\/api.w.org\/{rel}","templated":true}]}}