{"id":30459,"date":"2019-09-06T17:21:28","date_gmt":"2019-09-06T15:21:28","guid":{"rendered":"https:\/\/gemini.pl\/poradnik\/?page_id=30459"},"modified":"2022-05-24T12:25:46","modified_gmt":"2022-05-24T10:25:46","slug":"kalkulator-bmi","status":"publish","type":"page","link":"https:\/\/gemini.pl\/poradnik\/kalkulator-bmi\/","title":{"rendered":"Kalkulator BMI"},"content":{"rendered":"\n<h1><b>Kalkulator BMI<\/b><\/h1>\n\r\n<div class=\"calculator-style\">\r\n    <div class=\"caldera-grid\">\r\n        <form>\r\n            <div class=\"row first_row\">\r\n                <div class=\"col-sm-12 single\">\r\n                    <div class=\"bmi-title calc-title\">\r\n                        <p>Oblicz wska\u017anik masy cia\u0142a (BMI)<\/p>\r\n                    <\/div>\r\n                <\/div>\r\n            <\/div>\r\n            <div class=\"row \">\r\n                <div class=\"col-sm-7 first_col\">\r\n                    <div class=\"form-group bmi-gender-calc calc-radio\" id=\"fld_1011217_1-wrap\">\r\n                        <label id=\"fld_1011217Label\" for=\"fld_1011217_1\" class=\"control-label screen-reader-text sr-only\">P\u0142e\u0107<\/label>\r\n                        <div> \r\n                            <div class=\"radio\">\r\n                                <label data-label=\"Kobieta\" for=\"fld_1011217_1_opt1343795\">\r\n                                    <input type=\"radio\" id=\"fld_1011217_1_opt1343795\" data-field=\"fld_1011217\" class=\"fld_1011217_1\" name=\"fld_1011217\" value=\"1\" checked=\"\" data-radio-field=\"fld_1011217_1\" data-type=\"radio\" data-calc-value=\"1\"> \r\n                                    Kobieta \r\n                                <\/label>\r\n                            <\/div>\r\n                            <div class=\"radio\">\r\n                                <label data-label=\"M\u0119\u017cczyzna\" for=\"fld_1011217_1_opt1847615\">\r\n                                    <input type=\"radio\" id=\"fld_1011217_1_opt1847615\" data-field=\"fld_1011217\" class=\"fld_1011217_1\" name=\"fld_1011217\" value=\"2\" data-radio-field=\"fld_1011217_1\" data-type=\"radio\" data-calc-value=\"2\">\r\n                                    M\u0119\u017cczyzna\r\n                                <\/label>\r\n                            <\/div>\r\n                            <div class=\"radio\">\r\n                                <label data-label=\"Dziecko\" for=\"fld_1011217_1_opt1287107\">\r\n                                    <input type=\"radio\" id=\"fld_1011217_1_opt1287107\" data-field=\"fld_1011217\" class=\"fld_1011217_1\" name=\"fld_1011217\" value=\"3\" data-radio-field=\"fld_1011217_1\" data-type=\"radio\" data-calc-value=\"3\"> \r\n                                    Dziecko \r\n                                <\/label>\r\n                            <\/div>\r\n                        <\/div>\r\n                    <\/div>\r\n                    <div class=\"form-group bmi-weight-calc calc-input\" id=\"fld_3578335_1-wrap\"> \r\n                        <label id=\"fld_3578335Label\" for=\"fld_3578335_1\" class=\"control-label\">\r\n                            kg \r\n                            <span aria-hidden=\"true\" role=\"presentation\" class=\"field_required\" style=\"color:#ee0000;\">*<\/span>\r\n                        <\/label>\r\n                        <div> \r\n                            <input placeholder=\"Masa cia\u0142a\" required=\"\" type=\"number\" data-field=\"fld_3578335\" class=\" form-control\" id=\"fld_3578335_1\" name=\"fld_3578335\" data-type=\"number\" data-parsley-type=\"number\" aria-required=\"true\" aria-labelledby=\"fld_3578335Label\">\r\n                        <\/div>\r\n                    <\/div>\r\n                    <div class=\"form-group bmi-growth-calc calc-input\" id=\"fld_5356131_1-wrap\">\r\n                        <label id=\"fld_5356131Label\" for=\"fld_5356131_1\" class=\"control-label\">\r\n                            cm \r\n                            <span aria-hidden=\"true\" role=\"presentation\" class=\"field_required\" style=\"color:#ee0000;\">*<\/span>\r\n                        <\/label>\r\n                        <div> \r\n                            <input placeholder=\"Wzrost\" required=\"\" type=\"number\" data-field=\"fld_5356131\" class=\" form-control\" id=\"fld_5356131_1\" name=\"fld_5356131\" data-type=\"number\" data-parsley-type=\"number\" aria-required=\"true\" aria-labelledby=\"fld_5356131Label\">\r\n                        <\/div>\r\n                    <\/div>\r\n                <\/div>\r\n                <div class=\"col-sm-5 last_col\"><\/div>\r\n            <\/div>\r\n            <div class=\"row \">\r\n                <div class=\"col-sm-2 first_col\">\r\n                    <div class=\"form-group\" id=\"fld_2035765_1-wrap\">\r\n                        <div> \r\n                            <input class=\"btn btn-default bmi-btn calc-btn\" type=\"button\" name=\"fld_2035765\" id=\"fld_2035765_1\" value=\"Oblicz\" data-field=\"fld_2035765\">\r\n                        <\/div>\r\n                    <\/div>\r\n                    <input class=\"button_trigger_1\" type=\"hidden\" name=\"fld_2035765\" id=\"fld_2035765_1_btn\" data-field=\"fld_2035765\">\r\n                <\/div>\r\n                <div class=\"col-sm-5 \"><\/div>\r\n                <div class=\"col-sm-5 last_col\"><\/div>\r\n            <\/div>\r\n            <div class=\"row last_row\">\r\n                <div class=\"col-sm-12 single\">\r\n                    <div class=\"bmi-cacl-result calc-result\">\r\n                    <\/div>\r\n                <\/div>\r\n            <\/div>\r\n        <\/form>\r\n    <\/div>\r\n<\/div>\r\n\n","protected":false},"excerpt":{"rendered":"<p>Kalkulator BMI<\/p>\n","protected":false},"author":1,"featured_media":0,"parent":0,"menu_order":0,"comment_status":"closed","ping_status":"closed","template":"calculator.php","meta":{"footnotes":""},"class_list":["post-30459","page","type-page","status-publish","hentry"],"yoast_head":"<!-- This site is optimized with the Yoast SEO Premium plugin v27.4 (Yoast SEO v27.4) - https:\/\/yoast.com\/product\/yoast-seo-premium-wordpress\/ -->\n<title>Kalkulator BMI, wska\u017anik BMI a prawid\u0142owa masa cia\u0142a | Poradnik Gemini<\/title>\n<meta name=\"description\" content=\"Lekarze, farmaceuci i inni specjali\u015bci dziel\u0105 si\u0119 swoj\u0105 wiedz\u0105 na temat &quot;Kalkulator BMI&quot;\" \/>\n<meta name=\"robots\" content=\"index, follow, max-snippet:-1, max-image-preview:large, max-video-preview:-1\" \/>\n<link rel=\"canonical\" href=\"https:\/\/gemini.pl\/poradnik\/kalkulator-bmi\/\" \/>\n<meta property=\"og:locale\" content=\"pl_PL\" \/>\n<meta property=\"og:type\" content=\"article\" \/>\n<meta property=\"og:title\" content=\"Kalkulator BMI\" \/>\n<meta property=\"og:description\" content=\"Lekarze, farmaceuci i inni specjali\u015bci dziel\u0105 si\u0119 swoj\u0105 wiedz\u0105 na temat &quot;Kalkulator BMI&quot;\" \/>\n<meta property=\"og:url\" content=\"https:\/\/gemini.pl\/poradnik\/kalkulator-bmi\/\" \/>\n<meta property=\"og:site_name\" content=\"Poradnik Gemini\" \/>\n<meta property=\"article:publisher\" content=\"https:\/\/www.facebook.com\/apteka.internetowa.gemini\" \/>\n<meta property=\"article:modified_time\" content=\"2022-05-24T10:25:46+00:00\" \/>\n<meta property=\"og:image\" content=\"https:\/\/gemini.pl\/poradnik\/wp-content\/uploads\/2018\/01\/w-tre\u015bci1.jpg\" \/>\n\t<meta property=\"og:image:width\" content=\"710\" \/>\n\t<meta property=\"og:image:height\" content=\"457\" \/>\n\t<meta property=\"og:image:type\" content=\"image\/jpeg\" \/>\n<meta name=\"twitter:card\" content=\"summary_large_image\" \/>\n<meta name=\"twitter:label1\" content=\"Szacowany czas czytania\" \/>\n\t<meta name=\"twitter:data1\" content=\"1 minuta\" \/>\n<script type=\"application\/ld+json\" class=\"yoast-schema-graph\">{\"@context\":\"https:\\\/\\\/schema.org\",\"@graph\":[{\"@type\":\"WebPage\",\"@id\":\"https:\\\/\\\/gemini.pl\\\/poradnik\\\/kalkulator-bmi\\\/\",\"url\":\"https:\\\/\\\/gemini.pl\\\/poradnik\\\/kalkulator-bmi\\\/\",\"name\":\"Kalkulator BMI, wska\u017anik BMI a prawid\u0142owa masa cia\u0142a | Poradnik Gemini\",\"isPartOf\":{\"@id\":\"https:\\\/\\\/gemini.pl\\\/poradnik\\\/#website\"},\"datePublished\":\"2019-09-06T15:21:28+00:00\",\"dateModified\":\"2022-05-24T10:25:46+00:00\",\"description\":\"Lekarze, farmaceuci i inni specjali\u015bci dziel\u0105 si\u0119 swoj\u0105 wiedz\u0105 na temat \\\"Kalkulator BMI\\\"\",\"inLanguage\":\"pl-PL\",\"potentialAction\":[{\"@type\":\"ReadAction\",\"target\":[\"https:\\\/\\\/gemini.pl\\\/poradnik\\\/kalkulator-bmi\\\/\"]}]},[],{\"@type\":\"WebSite\",\"@id\":\"https:\\\/\\\/gemini.pl\\\/poradnik\\\/#website\",\"url\":\"https:\\\/\\\/gemini.pl\\\/poradnik\\\/\",\"name\":\"Poradnik Gemini\",\"description\":\"Poradnik Gemini to blog informacyjno - edukacyjny o tematyce prozdrowotnej tworzony przez wykwalifikowanych specjalist\u00f3w. Pomagamy zadba\u0107 o zdrowie  dzieci, przysz\u0142ych mam, m\u0119\u017cczyzn oraz os\u00f3b starszych. Odpowiadamy tak\u017ce na pytania pacjent\u00f3w.\",\"publisher\":{\"@id\":\"https:\\\/\\\/gemini.pl\\\/poradnik\\\/#organization\"},\"potentialAction\":[{\"@type\":\"SearchAction\",\"target\":{\"@type\":\"EntryPoint\",\"urlTemplate\":\"https:\\\/\\\/gemini.pl\\\/poradnik\\\/?s={search_term_string}\"},\"query-input\":{\"@type\":\"PropertyValueSpecification\",\"valueRequired\":true,\"valueName\":\"search_term_string\"}}],\"inLanguage\":\"pl-PL\"},{\"@type\":\"Organization\",\"@id\":\"https:\\\/\\\/gemini.pl\\\/poradnik\\\/#organization\",\"name\":\"Poradnik Gemini\",\"url\":\"https:\\\/\\\/gemini.pl\\\/poradnik\\\/\",\"logo\":{\"@type\":\"ImageObject\",\"inLanguage\":\"pl-PL\",\"@id\":\"https:\\\/\\\/gemini.pl\\\/poradnik\\\/#\\\/schema\\\/logo\\\/image\\\/\",\"url\":\"https:\\\/\\\/gemini.pl\\\/poradnik\\\/wp-content\\\/uploads\\\/2019\\\/04\\\/poradnik-gemini-logo.jpg\",\"contentUrl\":\"https:\\\/\\\/gemini.pl\\\/poradnik\\\/wp-content\\\/uploads\\\/2019\\\/04\\\/poradnik-gemini-logo.jpg\",\"width\":219,\"height\":51,\"caption\":\"Poradnik Gemini\"},\"image\":{\"@id\":\"https:\\\/\\\/gemini.pl\\\/poradnik\\\/#\\\/schema\\\/logo\\\/image\\\/\"},\"sameAs\":[\"https:\\\/\\\/www.facebook.com\\\/apteka.internetowa.gemini\"]}]}<\/script>\n<!-- \/ Yoast SEO Premium plugin. -->","yoast_head_json":{"title":"Kalkulator BMI, wska\u017anik BMI a prawid\u0142owa masa cia\u0142a | Poradnik Gemini","description":"Lekarze, farmaceuci i inni specjali\u015bci dziel\u0105 si\u0119 swoj\u0105 wiedz\u0105 na temat \"Kalkulator BMI\"","robots":{"index":"index","follow":"follow","max-snippet":"max-snippet:-1","max-image-preview":"max-image-preview:large","max-video-preview":"max-video-preview:-1"},"canonical":"https:\/\/gemini.pl\/poradnik\/kalkulator-bmi\/","og_locale":"pl_PL","og_type":"article","og_title":"Kalkulator BMI","og_description":"Lekarze, farmaceuci i inni specjali\u015bci dziel\u0105 si\u0119 swoj\u0105 wiedz\u0105 na temat \"Kalkulator BMI\"","og_url":"https:\/\/gemini.pl\/poradnik\/kalkulator-bmi\/","og_site_name":"Poradnik Gemini","article_publisher":"https:\/\/www.facebook.com\/apteka.internetowa.gemini","article_modified_time":"2022-05-24T10:25:46+00:00","og_image":[{"width":710,"height":457,"url":"https:\/\/gemini.pl\/poradnik\/wp-content\/uploads\/2018\/01\/w-tre\u015bci1.jpg","type":"image\/jpeg"}],"twitter_card":"summary_large_image","twitter_misc":{"Szacowany czas czytania":"1 minuta"},"schema":{"@context":"https:\/\/schema.org","@graph":[{"@type":"WebPage","@id":"https:\/\/gemini.pl\/poradnik\/kalkulator-bmi\/","url":"https:\/\/gemini.pl\/poradnik\/kalkulator-bmi\/","name":"Kalkulator BMI, wska\u017anik BMI a prawid\u0142owa masa cia\u0142a | Poradnik Gemini","isPartOf":{"@id":"https:\/\/gemini.pl\/poradnik\/#website"},"datePublished":"2019-09-06T15:21:28+00:00","dateModified":"2022-05-24T10:25:46+00:00","description":"Lekarze, farmaceuci i inni specjali\u015bci dziel\u0105 si\u0119 swoj\u0105 wiedz\u0105 na temat \"Kalkulator BMI\"","inLanguage":"pl-PL","potentialAction":[{"@type":"ReadAction","target":["https:\/\/gemini.pl\/poradnik\/kalkulator-bmi\/"]}]},[],{"@type":"WebSite","@id":"https:\/\/gemini.pl\/poradnik\/#website","url":"https:\/\/gemini.pl\/poradnik\/","name":"Poradnik Gemini","description":"Poradnik Gemini to blog informacyjno - edukacyjny o tematyce prozdrowotnej tworzony przez wykwalifikowanych specjalist\u00f3w. Pomagamy zadba\u0107 o zdrowie  dzieci, przysz\u0142ych mam, m\u0119\u017cczyzn oraz os\u00f3b starszych. Odpowiadamy tak\u017ce na pytania pacjent\u00f3w.","publisher":{"@id":"https:\/\/gemini.pl\/poradnik\/#organization"},"potentialAction":[{"@type":"SearchAction","target":{"@type":"EntryPoint","urlTemplate":"https:\/\/gemini.pl\/poradnik\/?s={search_term_string}"},"query-input":{"@type":"PropertyValueSpecification","valueRequired":true,"valueName":"search_term_string"}}],"inLanguage":"pl-PL"},{"@type":"Organization","@id":"https:\/\/gemini.pl\/poradnik\/#organization","name":"Poradnik Gemini","url":"https:\/\/gemini.pl\/poradnik\/","logo":{"@type":"ImageObject","inLanguage":"pl-PL","@id":"https:\/\/gemini.pl\/poradnik\/#\/schema\/logo\/image\/","url":"https:\/\/gemini.pl\/poradnik\/wp-content\/uploads\/2019\/04\/poradnik-gemini-logo.jpg","contentUrl":"https:\/\/gemini.pl\/poradnik\/wp-content\/uploads\/2019\/04\/poradnik-gemini-logo.jpg","width":219,"height":51,"caption":"Poradnik Gemini"},"image":{"@id":"https:\/\/gemini.pl\/poradnik\/#\/schema\/logo\/image\/"},"sameAs":["https:\/\/www.facebook.com\/apteka.internetowa.gemini"]}]}},"_links":{"self":[{"href":"https:\/\/gemini.pl\/poradnik\/wp-json\/wp\/v2\/pages\/30459","targetHints":{"allow":["GET"]}}],"collection":[{"href":"https:\/\/gemini.pl\/poradnik\/wp-json\/wp\/v2\/pages"}],"about":[{"href":"https:\/\/gemini.pl\/poradnik\/wp-json\/wp\/v2\/types\/page"}],"author":[{"embeddable":true,"href":"https:\/\/gemini.pl\/poradnik\/wp-json\/wp\/v2\/users\/1"}],"replies":[{"embeddable":true,"href":"https:\/\/gemini.pl\/poradnik\/wp-json\/wp\/v2\/comments?post=30459"}],"version-history":[{"count":4,"href":"https:\/\/gemini.pl\/poradnik\/wp-json\/wp\/v2\/pages\/30459\/revisions"}],"predecessor-version":[{"id":61711,"href":"https:\/\/gemini.pl\/poradnik\/wp-json\/wp\/v2\/pages\/30459\/revisions\/61711"}],"wp:attachment":[{"href":"https:\/\/gemini.pl\/poradnik\/wp-json\/wp\/v2\/media?parent=30459"}],"curies":[{"name":"wp","href":"https:\/\/api.w.org\/{rel}","templated":true}]}}