{"id":78731,"date":"2022-05-05T13:05:08","date_gmt":"2022-05-05T11:05:08","guid":{"rendered":"https:\/\/gemini.pl\/poradnik\/?page_id=78731"},"modified":"2022-05-05T13:05:27","modified_gmt":"2022-05-05T11:05:27","slug":"znajdz-lekarza","status":"publish","type":"page","link":"https:\/\/gemini.pl\/poradnik\/znajdz-lekarza\/","title":{"rendered":"Znajd\u017a lekarza \u2013 rezerwacja wizyty lekarskiej online"},"content":{"rendered":"\n<h1><strong>Znajd\u017a lekarza i zarezerwuj wizyt\u0119 online <\/strong><\/h1>\n<p>W Gemini zdrowie stawiamy na pierwszym miejscu \u2013 zale\u017cy nam na tym, by ka\u017cdy z naszych pacjent\u00f3w by\u0142 otoczony w\u0142a\u015bciw\u0105 opiek\u0105. Dlatego te\u017c umo\u017cliwiamy Ci bezproblemowe rezerwacje wizyt online \u2013 znajd\u017a lekarza w kilka chwil i um\u00f3w si\u0119 na wizyt\u0119 bez kolejek i bez wychodzenia z domu! Rezerwacja wizyt online to prosty spos\u00f3b, by um\u00f3wi\u0107 si\u0119 do wybranego specjalisty \u2013 wystarczy, \u017ce wpiszesz nazw\u0119 specjalizacji w wyszukiwark\u0119 i wybierzesz dogodny dla Ciebie termin. To prostsze nawet ni\u017c umawianie wizyt telefonicznie!<\/p>\n<p>Masz objawy, kt\u00f3re wskazuj\u0105 na jak\u0105\u015b dolegliwo\u015b\u0107? Potrzebujesz recepty na przyjmowany lek? A mo\u017ce chcesz otrzyma\u0107 skierowanie na test diagnostyczny lub um\u00f3wi\u0107 na wizyt\u0119 dzieci? Nie czekaj i um\u00f3w si\u0119 na konsultacj\u0119. Bez wzgl\u0119du na to, czy szukasz lekarza rodzinnego, czy medycyny pracy, w naszym serwisie znajdziesz potrzebne informacje o ka\u017cdym specjali\u015bcie.<\/p>\n<p>Szukasz lekarzy w Gda\u0144sku, Wroc\u0142awiu, Katowicach, Poznaniu, a mo\u017ce w Warszawie? W naszym serwisie znajdziesz specjalist\u0119 z ka\u017cdego z tych miast i um\u00f3wisz si\u0119 na badania lub teleporad\u0119 w kilku prostych krokach.<\/p>\n<p>Zadbaj o zdrowie ju\u017c teraz \u2013 znajd\u017a swojego lekarza w\u015br\u00f3d setek specjalist\u00f3w. Umo\u017cliwiamy Ci \u0142atwy kontakt z ka\u017cdym z nich. Sprawd\u017a, jakie to proste.<\/p>\n<p><strong>Um\u00f3w si\u0119 do lekarza online<\/strong><\/p>\n<p>Znajd\u017a lekarza bez kolejek i wychodzenia z domu. Nie musisz ju\u017c rejestrowa\u0107 si\u0119 telefonicznie. Lekarz rodzinny, lekarz medycyny pracy, ginekolog, diagnostyka dzieci \u2013 wszystko w jednym miejscu! Zarejestruj si\u0119 do wybranego specjalisty w kilka sekund. Wpisz nazw\u0119 specjalizacji lub nazwisko lekarza i um\u00f3w konsultacj\u0119.<\/p>\n<p>Specjali\u015bci z ca\u0142ej Polski dost\u0119pni w jednym miejscu! Znajd\u017a lekarza w Warszawie, Poznaniu, Gda\u0144sku, Katowicach, Bydgoszczy, Wroc\u0142awiu. W systemie znajdziesz wszystkie niezb\u0119dne dane. Specjalist\u0119, opinie pacjent\u00f3w, dost\u0119pne lokalizacje, cen\u0119, kontakt, termin konsultacji. Zarejestruj si\u0119 w prosty spos\u00f3b poprzez formularz dost\u0119pny na stronie internetowej.<\/p>\n<p>Korzystaj\u0105c z formularza rezerwacji, mo\u017cesz zadba\u0107 tak\u017ce o swoje zdrowie psychiczne i um\u00f3wi\u0107 wizyt\u0119 u psychiatry. Leczenie psychiatryczne coraz rzadziej jest dzi\u015b obarczone stygm\u0105 i warto pochyli\u0107 si\u0119 nad swoim samopoczuciem. Podczas wizyty doktor mo\u017ce wystawi\u0107 recept\u0119 na leki, np. antydepresanty.<\/p>\n<p>Mo\u017cesz um\u00f3wi\u0107 si\u0119 tak\u017ce na badania og\u00f3lne. Morfologia krwi, OB, badanie moczu, poziom cukru we krwi, cholesterol\u2026 Informacji, jakie badania nale\u017cy wykona\u0107, udzieli lekarz pierwszego kontaktu. Mo\u017cesz za\u0142atwi\u0107 to w prosty spos\u00f3b \u2013 um\u00f3w si\u0119 przez system na teleporad\u0119.<\/p>\n<p><strong>Ortopeda \u2013 um\u00f3w wizyt\u0119 online<\/strong><\/p>\n<p>Szukasz najlepszego ortopedy w Twojej okolicy? W naszym serwisie um\u00f3wisz wizyt\u0119 online w par\u0119 chwil. Rezerwacja wizyt online umo\u017cliwia Ci szybkie sprawdzenie dost\u0119pnych termin\u00f3w i por\u00f3wnanie najlepszych specjalist\u00f3w, np. z Warszawy. Wpisz w wyszukiwark\u0119 \u2013 \u201eortopeda\u201d i zapoznaj si\u0119 z wynikami. Tylko klikni\u0119cie dzieli Ci\u0119 od zaplanowania wizyty w dogodnym dla Ciebie terminie. Najlepsi specjali\u015bci w dziedzinie ortopedii w jednym miejscu!<\/p>\n<p><strong>Znajd\u017a lekarza chor\u00f3b zaka\u017anych<\/strong><\/p>\n<p>Chcesz um\u00f3wi\u0107 si\u0119 do specjalisty od chor\u00f3b zaka\u017anych i zale\u017cy Ci na czasie? Znajd\u017a lekarza w naszym serwisie! Mo\u017cliwo\u015b\u0107 rezerwacji wizyt stacjonarnych lub teleporady jest teraz prostsza, ni\u017c my\u015blisz. W kilka chwil wpiszesz w wyszukiwark\u0119 \u201elekarz chor\u00f3b zaka\u017anych\u201d i zobaczysz list\u0119 dost\u0119pnych specjalist\u00f3w wraz z grafikiem ich pracy. Wybierz dogodny dla Ciebie termin i wybieraj spo\u015br\u00f3d dost\u0119pnych opcji.<\/p>\n<p><strong>Dermatolog endokrynolog \u2013 wizyta lub teleporada<\/strong><\/p>\n<p>K\u0142opoty z cer\u0105 wywo\u0142ane hormonami to problem, kt\u00f3ry pomo\u017ce Ci rozwi\u0105za\u0107 sprawdzony dermatolog endokrynolog. Masz przed sob\u0105 serwis, kt\u00f3ry gromadzi najlepszych specjalist\u00f3w w jednym miejscu. Przejrzysty grafik u\u0142atwi Ci zapisanie si\u0119 na wizyt\u0119 lub um\u00f3wienie teleporady. Nie czekaj, zadbaj o zdrowie w prosty spos\u00f3b \u2013 znajd\u017a lekarza online.<\/p>\n<p><strong>Internista \u2013 znajd\u017a dogodny termin<\/strong><\/p>\n<p>Internista to lekarz, kt\u00f3rego poszukujesz? Um\u00f3w si\u0119 na wizyt\u0119 w kilku prostych krokach dzi\u0119ki serwisowi. Sprawd\u017a dost\u0119pne terminy i wybierz najbardziej dogodny dla Ciebie. Dzi\u0119ki prostej wyszukiwarce zobaczysz wszystkich lekarzy internist\u00f3w w Twojej okolicy \u2013 w Warszawie, Gda\u0144sku, Katowicach, Poznaniu i wielu innych miastach w Polsce. Dbanie o zdrowie jest teraz bardzo proste!<\/p>\n<p><strong>Chirurg \u2013 szybka rezerwacja wizyty u chirurga<\/strong><\/p>\n<p>Znajd\u017a najlepszego chirurga w swoim mie\u015bcie i um\u00f3w si\u0119 na wizyt\u0119 przez internet. Zabiegi chirurgiczne to kwestia, kt\u00f3ra powinna zosta\u0107 powierzona najlepszemu specjali\u015bcie \u2013 tutaj z pewno\u015bci\u0105 znajdziesz jednego z nich. Wystarczy, \u017ce wybierzesz interesuj\u0105c\u0105 Ci\u0119 specjalizacj\u0119, wpisuj\u0105c w wyszukiwark\u0119 np.: \u201echirurg\u201d \u2013 i zaznaczysz termin, w kt\u00f3rym chcesz odby\u0107 wizyt\u0119. Nic prostszego!<\/p>\n<p><strong>Ginekolog \u2013 znajd\u017a wizyt\u0119<\/strong><\/p>\n<p>Zadbaj o swoje zdrowie intymne i w prosty spos\u00f3b um\u00f3w konsultacj\u0119 u ginekologa. Objawy infekcji intymnej, planowanie ci\u0105\u017cy, cytologia? Specjali\u015bci dost\u0119pni w bazie to do\u015bwiadczeni lekarze z indywidualnym podej\u015bciem do pacjentki. Zrobi\u0105 potrzebne badania, wyt\u0142umacz\u0105 ka\u017cd\u0105 w\u0105tpliwo\u015b\u0107, zadbaj\u0105 o komfort pacjentki podczas wizyty. Oferujemy opiek\u0119 ginekologiczn\u0105 i po\u0142o\u017cnicz\u0105 na najwy\u017cszym poziomie.<\/p>\n<p><strong>Neurolog \u2013 zarezerwuj wizyt\u0119<\/strong><\/p>\n<p>Podejrzewasz u siebie problemy z uk\u0142adem nerwowym? M\u0119cz\u0105 Ci\u0119 migreny, cierpisz na zaburzenia widzenia, czucia albo koordynacji ruchowej? Masz k\u0142opoty z pami\u0119ci\u0105? By\u0107 mo\u017ce potrzebujesz wizyty u neurologa. Neurolog diagnozuje i leczy migreny, udary i guzy m\u00f3zgu, chorob\u0119 Alzheimera, Parkinsona, Wilsona, stwardnienie rozsiane oraz choroby mi\u0119\u015bni. W przypadku obaw o zdrowie uk\u0142adu nerwowego, warto porozmawia\u0107 ze specjalist\u0105.<\/p>\n<p><strong>Urolog \u2013 znajd\u017a lekarza<\/strong><\/p>\n<p>Masz trudno\u015bci z utrzymaniem moczu? Popraw sw\u00f3j komfort \u017cycia i um\u00f3w si\u0119 do specjalisty. Znajd\u017a urologa, kt\u00f3ry zadba o zdrowie Twojego uk\u0142adu moczowo-p\u0142ciowego. Istnieje stereotyp, \u017ce urologicznie powinni leczy\u0107 si\u0119 wy\u0142\u0105cznie m\u0119\u017cczy\u017ani. Rzeczywi\u015bcie do urologa trafiaj\u0105 panowie z chorobami prostaty, j\u0105der czy pr\u0105cia, ale urologicznie powinny leczy\u0107 si\u0119 tak\u017ce kobiety. Nietrzymanie moczu dotykaj\u0105ce co drug\u0105 kobiet\u0119 po menopauzie jest uleczalne!<\/p>\n<p><strong>Okulista \u2013 um\u00f3w si\u0119 ju\u017c dzi\u015b<\/strong><\/p>\n<p>Masz problem z widzeniem lub m\u0119cz\u0105 Ci\u0119 inne dolegliwo\u015bci zwi\u0105zane z oczami? W formularzu rezerwacji wizyt znajdziesz wyb\u00f3r najlepszych okulist\u00f3w. Wpisz nazw\u0119 specjalizacji i wyszukaj okulist\u0119, kt\u00f3ry zadba o Twoje oczy. Okre\u015bli wad\u0119 wzroku i pomo\u017ce dobra\u0107 odpowiednie okulary. Do okulisty warto zabra\u0107 r\u00f3wnie\u017c dzieci, u kt\u00f3rych podejrzewamy wad\u0119 wzroku.<\/p>\n<p><strong>Alergolog \u2013 dost\u0119pne wizyty<\/strong><\/p>\n<p>Podejrzewasz u siebie alergi\u0119? A mo\u017ce od ostatnich test\u00f3w sk\u00f3rnych min\u0119\u0142o sporo czasu? Alergia mo\u017ce by\u0107 nie tylko wrodzona, ale te\u017c nabyta. Dlatego warto co jaki\u015b czas powtarza\u0107 testy. Objawy alergii to nie tylko kichanie, \u0142zawienie oczu czy katar, ale tak\u017ce wykwity sk\u00f3rne, a nawet wstrz\u0105s anafilaktyczny! \u015awiadomo\u015b\u0107 tego, na co jeste\u015bmy uczuleni (alergen\u00f3w) polepszy nasz komfort \u017cycia. W\u015br\u00f3d naszych specjalist\u00f3w znajdziesz tak\u017ce alergolog\u00f3w-pediatr\u00f3w, kt\u00f3rzy zadbaj\u0105 o bezpiecze\u0144stwo Twojego dziecka.<\/p>\n<p><strong>Stomatolog \u2013 zarezerwuj wizyt\u0119<\/strong><\/p>\n<p>Kiedy ostatnio by\u0142e\u015b na wizycie kontrolnej u stomatologa? Pami\u0119taj, \u017ce do dentysty nale\u017cy chodzi\u0107 m.in. raz w roku! Wiele os\u00f3b boi si\u0119 takiej wizyty i odwleka j\u0105 w czasie\u2026 Takie post\u0119powanie mija si\u0119 z celem, poniewa\u017c zaawansowan\u0105 pr\u00f3chnic\u0119 i ubytki w z\u0119bach leczy si\u0119 tym trudniej i bole\u015bniej, im p\u00f3\u017aniej pacjent zg\u0142osi si\u0119 po pomoc. Pami\u0119taj, \u017ce niekt\u00f3re zmiany pr\u00f3chnicowe nie daj\u0105 objaw\u00f3w. Um\u00f3w si\u0119 na wizyt\u0119 w jednej z wielu dost\u0119pnych lokalizacji!<\/p>\n","protected":false},"excerpt":{"rendered":"<p>Znajd\u017a lekarza i zarezerwuj wizyt\u0119 online W Gemini zdrowie stawiamy na pierwszym miejscu \u2013 zale\u017cy nam na tym, by ka\u017cdy z naszych pacjent\u00f3w by\u0142 otoczony w\u0142a\u015bciw\u0105 opiek\u0105. Dlatego te\u017c umo\u017cliwiamy [&hellip;]<\/p>\n","protected":false},"author":1,"featured_media":0,"parent":0,"menu_order":0,"comment_status":"closed","ping_status":"closed","template":"ds-meedy-page.php","meta":{"footnotes":""},"class_list":["post-78731","page","type-page","status-publish","hentry"],"yoast_head":"<!-- This site is optimized with the Yoast SEO Premium plugin v25.5 (Yoast SEO v25.5) - https:\/\/yoast.com\/wordpress\/plugins\/seo\/ -->\n<title>Znajd\u017a lekarza \u2013 rezerwacja wizyty lekarskiej online - Poradnik Gemini<\/title>\n<meta name=\"description\" content=\"Lekarze, farmaceuci i inni specjali\u015bci dziel\u0105 si\u0119 swoj\u0105 wiedz\u0105 na temat &quot;Znajd\u017a lekarza \u2013 rezerwacja wizyty lekarskiej online&quot;\" \/>\n<meta name=\"robots\" content=\"index, follow, max-snippet:-1, max-image-preview:large, max-video-preview:-1\" \/>\n<link rel=\"canonical\" href=\"https:\/\/gemini.pl\/poradnik\/znajdz-lekarza\/\" \/>\n<meta property=\"og:locale\" content=\"pl_PL\" \/>\n<meta property=\"og:type\" content=\"article\" \/>\n<meta property=\"og:title\" content=\"Znajd\u017a lekarza \u2013 rezerwacja wizyty lekarskiej online\" \/>\n<meta property=\"og:description\" content=\"Lekarze, farmaceuci i inni specjali\u015bci dziel\u0105 si\u0119 swoj\u0105 wiedz\u0105 na temat &quot;Znajd\u017a lekarza \u2013 rezerwacja wizyty lekarskiej online&quot;\" \/>\n<meta property=\"og:url\" content=\"https:\/\/gemini.pl\/poradnik\/znajdz-lekarza\/\" \/>\n<meta property=\"og:site_name\" content=\"Poradnik Gemini\" \/>\n<meta property=\"article:publisher\" content=\"https:\/\/www.facebook.com\/apteka.internetowa.gemini\" \/>\n<meta property=\"article:modified_time\" content=\"2022-05-05T11:05:27+00:00\" \/>\n<meta property=\"og:image\" content=\"https:\/\/gemini.pl\/poradnik\/wp-content\/uploads\/2018\/01\/w-tre\u015bci1.jpg\" \/>\n\t<meta property=\"og:image:width\" content=\"710\" \/>\n\t<meta property=\"og:image:height\" content=\"457\" \/>\n\t<meta property=\"og:image:type\" content=\"image\/jpeg\" \/>\n<meta name=\"twitter:card\" content=\"summary_large_image\" \/>\n<meta name=\"twitter:label1\" content=\"Szacowany czas czytania\" \/>\n\t<meta name=\"twitter:data1\" content=\"7 minut\" \/>\n<script type=\"application\/ld+json\" class=\"yoast-schema-graph\">{\"@context\":\"https:\/\/schema.org\",\"@graph\":[{\"@type\":\"WebPage\",\"@id\":\"https:\/\/gemini.pl\/poradnik\/znajdz-lekarza\/\",\"url\":\"https:\/\/gemini.pl\/poradnik\/znajdz-lekarza\/\",\"name\":\"Znajd\u017a lekarza \u2013 rezerwacja wizyty lekarskiej online - Poradnik Gemini\",\"isPartOf\":{\"@id\":\"https:\/\/gemini.pl\/poradnik\/#website\"},\"datePublished\":\"2022-05-05T11:05:08+00:00\",\"dateModified\":\"2022-05-05T11:05:27+00:00\",\"description\":\"Lekarze, farmaceuci i inni specjali\u015bci dziel\u0105 si\u0119 swoj\u0105 wiedz\u0105 na temat \\\"Znajd\u017a lekarza \u2013 rezerwacja wizyty lekarskiej online\\\"\",\"inLanguage\":\"pl-PL\",\"potentialAction\":[{\"@type\":\"ReadAction\",\"target\":[\"https:\/\/gemini.pl\/poradnik\/znajdz-lekarza\/\"]}]},[],{\"@type\":\"WebSite\",\"@id\":\"https:\/\/gemini.pl\/poradnik\/#website\",\"url\":\"https:\/\/gemini.pl\/poradnik\/\",\"name\":\"Poradnik Gemini\",\"description\":\"Poradnik Gemini to blog informacyjno - edukacyjny o tematyce prozdrowotnej tworzony przez wykwalifikowanych specjalist\u00f3w. Pomagamy zadba\u0107 o zdrowie  dzieci, przysz\u0142ych mam, m\u0119\u017cczyzn oraz os\u00f3b starszych. Odpowiadamy tak\u017ce na pytania pacjent\u00f3w.\",\"publisher\":{\"@id\":\"https:\/\/gemini.pl\/poradnik\/#organization\"},\"potentialAction\":[{\"@type\":\"SearchAction\",\"target\":{\"@type\":\"EntryPoint\",\"urlTemplate\":\"https:\/\/gemini.pl\/poradnik\/?s={search_term_string}\"},\"query-input\":{\"@type\":\"PropertyValueSpecification\",\"valueRequired\":true,\"valueName\":\"search_term_string\"}}],\"inLanguage\":\"pl-PL\"},{\"@type\":\"Organization\",\"@id\":\"https:\/\/gemini.pl\/poradnik\/#organization\",\"name\":\"Poradnik Gemini\",\"url\":\"https:\/\/gemini.pl\/poradnik\/\",\"logo\":{\"@type\":\"ImageObject\",\"inLanguage\":\"pl-PL\",\"@id\":\"https:\/\/gemini.pl\/poradnik\/#\/schema\/logo\/image\/\",\"url\":\"https:\/\/gemini.pl\/poradnik\/wp-content\/uploads\/2019\/04\/poradnik-gemini-logo.jpg\",\"contentUrl\":\"https:\/\/gemini.pl\/poradnik\/wp-content\/uploads\/2019\/04\/poradnik-gemini-logo.jpg\",\"width\":219,\"height\":51,\"caption\":\"Poradnik Gemini\"},\"image\":{\"@id\":\"https:\/\/gemini.pl\/poradnik\/#\/schema\/logo\/image\/\"},\"sameAs\":[\"https:\/\/www.facebook.com\/apteka.internetowa.gemini\"]}]}<\/script>\n<!-- \/ Yoast SEO Premium plugin. -->","yoast_head_json":{"title":"Znajd\u017a lekarza \u2013 rezerwacja wizyty lekarskiej online - Poradnik Gemini","description":"Lekarze, farmaceuci i inni specjali\u015bci dziel\u0105 si\u0119 swoj\u0105 wiedz\u0105 na temat \"Znajd\u017a lekarza \u2013 rezerwacja wizyty lekarskiej online\"","robots":{"index":"index","follow":"follow","max-snippet":"max-snippet:-1","max-image-preview":"max-image-preview:large","max-video-preview":"max-video-preview:-1"},"canonical":"https:\/\/gemini.pl\/poradnik\/znajdz-lekarza\/","og_locale":"pl_PL","og_type":"article","og_title":"Znajd\u017a lekarza \u2013 rezerwacja wizyty lekarskiej online","og_description":"Lekarze, farmaceuci i inni specjali\u015bci dziel\u0105 si\u0119 swoj\u0105 wiedz\u0105 na temat \"Znajd\u017a lekarza \u2013 rezerwacja wizyty lekarskiej online\"","og_url":"https:\/\/gemini.pl\/poradnik\/znajdz-lekarza\/","og_site_name":"Poradnik Gemini","article_publisher":"https:\/\/www.facebook.com\/apteka.internetowa.gemini","article_modified_time":"2022-05-05T11:05:27+00:00","og_image":[{"width":710,"height":457,"url":"https:\/\/gemini.pl\/poradnik\/wp-content\/uploads\/2018\/01\/w-tre\u015bci1.jpg","type":"image\/jpeg"}],"twitter_card":"summary_large_image","twitter_misc":{"Szacowany czas czytania":"7 minut"},"schema":{"@context":"https:\/\/schema.org","@graph":[{"@type":"WebPage","@id":"https:\/\/gemini.pl\/poradnik\/znajdz-lekarza\/","url":"https:\/\/gemini.pl\/poradnik\/znajdz-lekarza\/","name":"Znajd\u017a lekarza \u2013 rezerwacja wizyty lekarskiej online - Poradnik Gemini","isPartOf":{"@id":"https:\/\/gemini.pl\/poradnik\/#website"},"datePublished":"2022-05-05T11:05:08+00:00","dateModified":"2022-05-05T11:05:27+00:00","description":"Lekarze, farmaceuci i inni specjali\u015bci dziel\u0105 si\u0119 swoj\u0105 wiedz\u0105 na temat \"Znajd\u017a lekarza \u2013 rezerwacja wizyty lekarskiej online\"","inLanguage":"pl-PL","potentialAction":[{"@type":"ReadAction","target":["https:\/\/gemini.pl\/poradnik\/znajdz-lekarza\/"]}]},[],{"@type":"WebSite","@id":"https:\/\/gemini.pl\/poradnik\/#website","url":"https:\/\/gemini.pl\/poradnik\/","name":"Poradnik Gemini","description":"Poradnik Gemini to blog informacyjno - edukacyjny o tematyce prozdrowotnej tworzony przez wykwalifikowanych specjalist\u00f3w. Pomagamy zadba\u0107 o zdrowie  dzieci, przysz\u0142ych mam, m\u0119\u017cczyzn oraz os\u00f3b starszych. Odpowiadamy tak\u017ce na pytania pacjent\u00f3w.","publisher":{"@id":"https:\/\/gemini.pl\/poradnik\/#organization"},"potentialAction":[{"@type":"SearchAction","target":{"@type":"EntryPoint","urlTemplate":"https:\/\/gemini.pl\/poradnik\/?s={search_term_string}"},"query-input":{"@type":"PropertyValueSpecification","valueRequired":true,"valueName":"search_term_string"}}],"inLanguage":"pl-PL"},{"@type":"Organization","@id":"https:\/\/gemini.pl\/poradnik\/#organization","name":"Poradnik Gemini","url":"https:\/\/gemini.pl\/poradnik\/","logo":{"@type":"ImageObject","inLanguage":"pl-PL","@id":"https:\/\/gemini.pl\/poradnik\/#\/schema\/logo\/image\/","url":"https:\/\/gemini.pl\/poradnik\/wp-content\/uploads\/2019\/04\/poradnik-gemini-logo.jpg","contentUrl":"https:\/\/gemini.pl\/poradnik\/wp-content\/uploads\/2019\/04\/poradnik-gemini-logo.jpg","width":219,"height":51,"caption":"Poradnik Gemini"},"image":{"@id":"https:\/\/gemini.pl\/poradnik\/#\/schema\/logo\/image\/"},"sameAs":["https:\/\/www.facebook.com\/apteka.internetowa.gemini"]}]}},"_links":{"self":[{"href":"https:\/\/gemini.pl\/poradnik\/wp-json\/wp\/v2\/pages\/78731","targetHints":{"allow":["GET"]}}],"collection":[{"href":"https:\/\/gemini.pl\/poradnik\/wp-json\/wp\/v2\/pages"}],"about":[{"href":"https:\/\/gemini.pl\/poradnik\/wp-json\/wp\/v2\/types\/page"}],"author":[{"embeddable":true,"href":"https:\/\/gemini.pl\/poradnik\/wp-json\/wp\/v2\/users\/1"}],"replies":[{"embeddable":true,"href":"https:\/\/gemini.pl\/poradnik\/wp-json\/wp\/v2\/comments?post=78731"}],"version-history":[{"count":2,"href":"https:\/\/gemini.pl\/poradnik\/wp-json\/wp\/v2\/pages\/78731\/revisions"}],"predecessor-version":[{"id":78736,"href":"https:\/\/gemini.pl\/poradnik\/wp-json\/wp\/v2\/pages\/78731\/revisions\/78736"}],"wp:attachment":[{"href":"https:\/\/gemini.pl\/poradnik\/wp-json\/wp\/v2\/media?parent=78731"}],"curies":[{"name":"wp","href":"https:\/\/api.w.org\/{rel}","templated":true}]}}