{"id":81691,"date":"2022-06-13T14:34:03","date_gmt":"2022-06-13T12:34:03","guid":{"rendered":"https:\/\/gemini.pl\/poradnik\/?page_id=81691"},"modified":"2022-06-13T15:01:52","modified_gmt":"2022-06-13T13:01:52","slug":"produkty","status":"publish","type":"page","link":"https:\/\/gemini.pl\/poradnik\/produkty\/","title":{"rendered":"Produkty"},"content":{"rendered":"\n<ul style=\"text-transform: capitalize;\">\n<li>A\n<ul>\n<li><a href=\"https:\/\/gemini.pl\/acard-75-mg-60-tabletek-dojelitowych-0000049\">acard<\/a><\/li>\n<li><a href=\"https:\/\/gemini.pl\/acc-200-mg-20-tabletek-powlekanych-0006329\">acc<\/a><\/li>\n<li><a href=\"https:\/\/gemini.pl\/alantan-plus-20-mg-50-mg-g-masc-30-g-0000084\">alantan plus<\/a><\/li>\n<li><a href=\"https:\/\/gemini.pl\/allegra-120-mg-10-tabletek-powlekanych-0016072\">allegra<\/a><\/li>\n<li><a href=\"https:\/\/gemini.pl\/anaketon-krople-30-ml-0060892\">anaketon<\/a><\/li>\n<li><a href=\"https:\/\/gemini.pl\/apap-extra-500-mg-65-mg-50-tabletek-powlekanych-0004607\">apap extra<\/a><\/li>\n<li><a href=\"https:\/\/gemini.pl\/apap-migrena-10-tabletek-0091493\">apap migrena<\/a><\/li>\n<li><a href=\"https:\/\/gemini.pl\/aromactiv-baby-zel-od-urodzenia-20-g-0041836\">aromactiv baby<\/a><\/li>\n<li><a href=\"https:\/\/gemini.pl\/aspargin-17-mg-54-mg-50-tabletek-0000166\">aspargin<\/a><\/li>\n<\/ul>\n<\/li>\n<li>B\n<ul>\n<li><a href=\"https:\/\/gemini.pl\/balsam-jerozolimski-dla-dzieci-powyzej-3-roku-zycia-i-doroslych-200-ml-0054143\">balsam jerozolimski<\/a><\/li>\n<li><a href=\"https:\/\/gemini.pl\/bepanthen-baby-masc-przeciw-odparzeniom-pieluszkowym-dla-niemowlat-100-g-0020647\">bepanthen<\/a><\/li>\n<li><a href=\"https:\/\/gemini.pl\/betadine-100-mg-g-masc-20-g-0090114\">betadine ma\u015b\u0107<\/a><\/li>\n<li><a href=\"https:\/\/gemini.pl\/biotifem-max-10-mg-30-tabletek-0088954\">biotifem max<\/a><\/li>\n<li><a href=\"https:\/\/gemini.pl\/boiron-oscillococcinum-granulki-1-g-x-6-dawek-0003148\">oscillococcinum<\/a><\/li>\n<li><a href=\"https:\/\/gemini.pl\/bronchipret-te-15-g-1-5-g-syrop-100-ml-0066104\">bronchipret<\/a><\/li>\n<\/ul>\n<\/li>\n<li>C\n<ul>\n<li><a href=\"https:\/\/gemini.pl\/calperos-1000-400-mg-100-kapsulek-twardych-0000374\">calperos<\/a><\/li>\n<li><a href=\"https:\/\/gemini.pl\/canephron-18-mg-18-mg-18-mg-60-tabletek-drazowanych-9052504\">canephron<\/a><\/li>\n<li><a href=\"https:\/\/gemini.pl\/cyclo-3-fort-150-mg-150-mg-100-mg-30-kapsulek-0000554\">cyclo 3 fort<\/a><\/li>\n<\/ul>\n<\/li>\n<li>D\n<ul>\n<li><a href=\"https:\/\/gemini.pl\/debutir-forte-60-kapsulek-9056517\">debutir forte<\/a><\/li>\n<li><a href=\"https:\/\/gemini.pl\/desmoxan-1-5-mg-100-tabletek-9058902\">desmoxan<\/a><\/li>\n<li><a href=\"https:\/\/gemini.pl\/dexak-sl-25-mg-20-saszetek-0018463\">dexak sl<\/a><\/li>\n<li><a href=\"https:\/\/gemini.pl\/dulcobis-5-mg-40-tabletek-dojelitowych-0020628\">dulcobis<\/a><\/li>\n<li><a href=\"https:\/\/gemini.pl\/duphalac-667-g-ml-roztwor-doustny-na-zaparcia-300-ml-0003144\">duphalac<\/a><\/li>\n<\/ul>\n<\/li>\n<li>E\n<ul>\n<li><a href=\"https:\/\/gemini.pl\/ectodose-roztwor-do-inhalacji-z-ektoina-2-5-ml-x-20-ampulek-0054069\">ectodose<\/a><\/li>\n<li><a href=\"https:\/\/gemini.pl\/entitis-baby-dla-niemowlat-powyzej-6-miesiaca-i-dzieci-smak-bananowy-30-saszetek-9062309\">entitis baby<\/a><\/li>\n<li><a href=\"https:\/\/gemini.pl\/entitis-dla-dzieci-powyzej-3-roku-zycia-smak-truskawkowy-30-pastylek-do-ssania-0062076\">entitis<\/a><\/li>\n<li><a href=\"https:\/\/gemini.pl\/erdomed-muko-225-mg-proszek-do-sporzadzania-zawiesiny-doustnej-20-saszetek-9016829\">erdomed muko<\/a><\/li>\n<li><a href=\"https:\/\/gemini.pl\/esberitox-n-10-mg-7-5-mg-2-mg-100-tabletek-0001316\">esberitox<\/a><\/li>\n<li><a href=\"https:\/\/gemini.pl\/esoxx-one-10-ml-x-14-saszetek-0031460\">esoxx one<\/a><\/li>\n<li><a href=\"https:\/\/gemini.pl\/essentiale-forte-300-mg-50-kapsulek-0000002\">essentiale forte<\/a><\/li>\n<li><a href=\"https:\/\/gemini.pl\/essentiale-max-600-mg-30-kapsulek-0021424\">essentiale max<\/a><\/li>\n<li><a href=\"https:\/\/gemini.pl\/etopiryna-300-mg-100-mg-50-mg-50-tabletek-0010956\">etopiryna<\/a><\/li>\n<li><a href=\"https:\/\/gemini.pl\/excedrin-migra-stop-250-mg-250-mg-65-mg-20-tabletek-powlekanych-0019774\">excedrin<\/a><\/li>\n<\/ul>\n<\/li>\n<li>F\n<ul>\n<li><a href=\"https:\/\/gemini.pl\/febrisan-750-mg-60-mg-10-mg-5-g-proszek-musujacy-12-saszetek-0017788\">febrisan<\/a><\/li>\n<li><a href=\"https:\/\/gemini.pl\/femibion-2-ciaza-56-tabletek-56-kapsulek-0081808\">femibion 2<\/a><\/li>\n<li><a href=\"https:\/\/gemini.pl\/fundamax-30-tabletek-9064355\">fundamax<\/a><\/li>\n<\/ul>\n<\/li>\n<li>G\n<ul>\n<li><a href=\"https:\/\/gemini.pl\/gardimax-medica-20-mg-5-mg-10-ml-spray-30-ml-0018696\">gardimax<\/a><\/li>\n<li><a href=\"https:\/\/gemini.pl\/gastrotuss-syrop-przeciwrefluksowy-200-ml-9059368\">gastrotuss<\/a><\/li>\n<li><a href=\"https:\/\/gemini.pl\/glimbax-0-74-mg-ml-roztwor-do-plukania-jamy-ustnej-i-gardla-200-ml-0014975\">glimbax<\/a><\/li>\n<li><a href=\"https:\/\/gemini.pl\/gynoxin-optima-200-mg-3-kapsulki-dopochwowe-miekkie-0061039\">gynoxin<\/a><\/li>\n<\/ul>\n<\/li>\n<li>H\n<ul>\n<li><a href=\"https:\/\/gemini.pl\/hascovir-control-200-mg-25-tabletek-0071101\">hascovir<\/a><\/li>\n<li><a href=\"https:\/\/gemini.pl\/hepaslimin-30-tabletek-0030114\">hepaslimin<\/a><\/li>\n<li><a href=\"https:\/\/gemini.pl\/hepatil-80-tabletek-0028061\">hepatil<\/a><\/li>\n<li><a href=\"https:\/\/gemini.pl\/herbapect-498-mg-349-mg-87-mg-5-ml-syrop-150-g-0003731\">herbapect<\/a><\/li>\n<li><a href=\"https:\/\/gemini.pl\/heviran-comfort-200-mg-25-tabletek-0070312\">heviran<\/a><\/li>\n<li><a href=\"https:\/\/gemini.pl\/heviran-comfort-max-400-mg-30-tabletek-9063065\">heviran 400<\/a><\/li>\n<\/ul>\n<\/li>\n<li>I\n<ul>\n<li><a href=\"https:\/\/gemini.pl\/iberogast-plyn-doustny-50-ml-0006190\">iberogast<\/a><\/li>\n<li><a href=\"https:\/\/gemini.pl\/ibuvit-d3-4000-iu-60-kapsulek-9059743\">ibuvit d3<\/a><\/li>\n<li><a href=\"https:\/\/gemini.pl\/immunotrofina-200-ml-0086131\">immunotrofina<\/a><\/li>\n<li><a href=\"https:\/\/gemini.pl\/imunoglukan-p4h-syrop-dla-dzieci-i-doroslych-120-ml-0012252\">imunoglukan<\/a><\/li>\n<li><a href=\"https:\/\/gemini.pl\/isonasin-septo-roztwor-do-plukania-nosa-5-ml-x-20-ampulek-0030729\">isonasin septo<\/a><\/li>\n<\/ul>\n<\/li>\n<li>L\n<ul>\n<li><a href=\"https:\/\/gemini.pl\/linomag-200-mg-g-masc-30-g-0001198\">linomag<\/a><\/li>\n<\/ul>\n<\/li>\n<li>M\n<ul>\n<li><a href=\"https:\/\/gemini.pl\/magne-b6-forte-100-mg-10-mg-60-tabletek-powlekanych-0065664\">magne b6 forte<\/a><\/li>\n<li><a href=\"https:\/\/gemini.pl\/masc-arnikowa-100-g-100-g-10-g-0024782\">ma\u015b\u0107 arnikowa<\/a><\/li>\n<li><a href=\"https:\/\/gemini.pl\/masc-ochronna-z-witamina-a-800-j-m-g-25-g-0000969\">ma\u015b\u0107 z witamin\u0105 a<\/a><\/li>\n<li><a href=\"https:\/\/gemini.pl\/maxon-forte-50-mg-4-tabletki-powlekane-0088764\">maxon forte<\/a><\/li>\n<li><a href=\"https:\/\/gemini.pl\/melilax-pediatric-mikrowlewka-doodbytnicza-z-promelaxin-dla-dzieci-i-niemowlat-5-g-x-6-mikrowlewek-0059936\">melilax<\/a><\/li>\n<li><a href=\"https:\/\/gemini.pl\/mensil-25-mg-8-tabletek-do-zucia-0088483\">mensil<\/a><\/li>\n<li><a href=\"https:\/\/gemini.pl\/mensil-max-50-mg-4-tabletki-do-zucia-0090296\">mensil max<\/a><\/li>\n<li><a href=\"https:\/\/gemini.pl\/metafen-200-mg-325-mg-20-tabletek-0016244\">metafen<\/a><\/li>\n<li><a href=\"https:\/\/gemini.pl\/momester-nasal-50-g-dawke-aerozol-do-nosa-zawiesina-60-dawek-9055886\">momester<\/a><\/li>\n<li><a href=\"https:\/\/gemini.pl\/mucovagin-5-mg-globulki-dopochwowe-10-sztuk-0019519\">mucovagin<\/a><\/li>\n<li><a href=\"https:\/\/gemini.pl\/multilac-synbiotyk-20-kapsulek-0081234\">multilac<\/a><\/li>\n<\/ul>\n<\/li>\n<li>N\n<ul>\n<li><a href=\"https:\/\/gemini.pl\/nasivin-kids-0-025-0-25-mg-ml-aerozol-do-nosa-dla-dzieci-od-1-do-6-lat-10-ml-0020108\">nasivin kids<\/a><\/li>\n<li><a href=\"https:\/\/gemini.pl\/nebu-dose-hipertonic-3-roztwor-do-nebulizacji-5-ml-x-30-ampulek-0033363\">nebu dose<\/a><\/li>\n<li><a href=\"https:\/\/gemini.pl\/nebu-dose-plus-3-roztwor-do-nebulizacji-z-kwasem-hialuronowym-5-ml-x-30-ampulek-9049684\">nebu dose plus<\/a><\/li>\n<li><a href=\"https:\/\/gemini.pl\/neosine-250-mg-5-ml-syrop-150-ml-0013909\">neosine syrop<\/a><\/li>\n<li><a href=\"https:\/\/gemini.pl\/no-spa-max-80-mg-20-tabletek-0020377\">nospa max<\/a><\/li>\n<li><a href=\"https:\/\/gemini.pl\/nurofen-dla-dzieci-forte-truskawkowy-40-mg-ml-zawiesina-doustna-od-3-miesiaca-do-12-lat-150-ml-0059942\">nurofen dla dzieci<\/a><\/li>\n<li><a href=\"https:\/\/gemini.pl\/nurofen-express-forte-400-mg-20-kapsulek-0039872\">nurofen express forte<\/a><\/li>\n<\/ul>\n<\/li>\n<li>O\n<ul>\n<li><a href=\"https:\/\/gemini.pl\/opokan-7-5-mg-30-tabletek-0017520\">opokan<\/a><\/li>\n<li><a href=\"https:\/\/gemini.pl\/orofar-max-2-mg-1-mg-smak-mietowy-30-pastylek-twardych-0013489\">orofar max<\/a><\/li>\n<li><a href=\"https:\/\/gemini.pl\/ovarin-60-tabletek-0045396\">ovarin<\/a><\/li>\n<\/ul>\n<\/li>\n<li>P\n<ul>\n<li><a href=\"https:\/\/gemini.pl\/petitdrill-syrop-dla-dzieci-i-niemowlat-od-6-miesiaca-125-ml-0074900\">petit drill<\/a><\/li>\n<li><a href=\"https:\/\/gemini.pl\/pirolam-80-mg-g-lakier-do-paznokci-leczniczy-4-g-0056919\">pirolam lakier<\/a><\/li>\n<li><a href=\"https:\/\/gemini.pl\/polopiryna-s-300-mg-20-tabletek-0001000\">polopiryna<\/a><\/li>\n<li><a href=\"https:\/\/gemini.pl\/procto-glyvenol-50-mg-20-mg-g-krem-doodbytniczy-30-g-0020413\">procto glyvenol<\/a><\/li>\n<li><a href=\"https:\/\/gemini.pl\/procto-hemolan-50-mg-20-mg-g-krem-doodbytniczy-20-g-0007950\">procto hemolan<\/a><\/li>\n<li><a href=\"https:\/\/gemini.pl\/proktosedon-5-mg-5-mg-10-mg-10-mg-g-masc-doodbytnicza-15-g-0012161\">proktosedon<\/a><\/li>\n<li><a href=\"https:\/\/gemini.pl\/prostamol-uno-320-mg-90-kapsulek-miekkich-0043105\">prostamol uno<\/a><\/li>\n<\/ul>\n<\/li>\n<li>R\n<ul>\n<li><a href=\"https:\/\/gemini.pl\/renopuren-zatoki-max-60-tabletek-0032560\">renopuren zatoki<\/a><\/li>\n<li><a href=\"https:\/\/gemini.pl\/rhinoargent-spray-do-nosa-20-ml-0029526\">rhinoargent<\/a><\/li>\n<li><a href=\"https:\/\/gemini.pl\/rinopanteina-masc-do-nosa-10-g-9056404\">rinopanteina<\/a><\/li>\n<li><a href=\"https:\/\/gemini.pl\/rutinoscorbin-25-mg-100-mg-150-tabletek-powlekanych-0042739\">rutinoscorbin<\/a><\/li>\n<\/ul>\n<\/li>\n<li>S\n<ul>\n<li><a href=\"https:\/\/gemini.pl\/sanprobi-barrier-40-kapsulek-0048188\">sanprobi barrier<\/a><\/li>\n<li><a href=\"https:\/\/gemini.pl\/sanprobi-stress-20-kapsulek-0073726\">sanprobi stress<\/a><\/li>\n<li><a href=\"https:\/\/gemini.pl\/septolete-1-mg-30-pastylek-twardych-0000046\">septolete<\/a><\/li>\n<li><a href=\"https:\/\/gemini.pl\/sinecod-5-mg-1-ml-krople-doustne-dla-dzieci-20-ml-0001949\">sinecod<\/a><\/li>\n<li><a href=\"https:\/\/gemini.pl\/sinupret-50-tabletek-drazowanych-0013113\">sinupret<\/a><\/li>\n<li><a href=\"https:\/\/gemini.pl\/sinupret-extract-160-mg-20-tabletek-drazowanych-0037511\">sinupret extract<\/a><\/li>\n<li><a href=\"https:\/\/gemini.pl\/spirytus-salicylowy-2-roztwor-na-skore-90-g-9040138\">spirytus salicylowy<\/a><\/li>\n<li><a href=\"https:\/\/gemini.pl\/starazolin-0-5-mg-ml-krople-do-oczu-2x5-ml-0032300\">starazolin<\/a><\/li>\n<li><a href=\"https:\/\/gemini.pl\/stoperan-2-mg-18-kapsulek-0038070\">stoperan<\/a><\/li>\n<li><a href=\"https:\/\/gemini.pl\/syrop-prawoslazowy-35-9-g-100-g-125-g-0045596\">syrop prawo\u015blazowy<\/a><\/li>\n<\/ul>\n<\/li>\n<li>T\n<ul>\n<li><a href=\"https:\/\/gemini.pl\/tantum-rosa-53-2-mg-g-proszek-do-sporzadzania-roztworu-do-irygacji-pochwy-10-saszetek-0020551\">tantum rosa<\/a><\/li>\n<li><a href=\"https:\/\/gemini.pl\/tasectan-250-mg-proszek-do-stosowania-u-dzieci-20-saszetek-0020929\">tasectan<\/a><\/li>\n<li><a href=\"https:\/\/gemini.pl\/tormentiol-masc-20-g-0002152\">tormentiol ma\u015b\u0107<\/a><\/li>\n<li><a href=\"https:\/\/gemini.pl\/tretussin-med-syrop-smak-czarnej-porzeczki-250-ml-0077446\">tretussin<\/a><\/li>\n<\/ul>\n<\/li>\n<li>V\n<ul>\n<li><a href=\"https:\/\/gemini.pl\/vigantoletten-1000-25-mg-90-tabletek-0054263\">vigantoletten<\/a><\/li>\n<li><a href=\"https:\/\/gemini.pl\/vivomixx-krople-5-milardow-2-x-5-ml-9002280\">vivomixx krople<\/a><\/li>\n<li><a href=\"https:\/\/gemini.pl\/voltaren-max-23-2-mg-g-zel-100-g-0017891\">voltaren max<\/a><\/li>\n<\/ul>\n<\/li>\n<li>X\n<ul>\n<li><a href=\"https:\/\/gemini.pl\/xylogel-0-1-1mg-g-zel-do-nosa-10-g-0002292\">xylogel<\/a><\/li>\n<\/ul>\n<\/li>\n<li>Z\n<ul>\n<li><a href=\"https:\/\/gemini.pl\/zatogrip-baby-1-syrop-dla-dzieci-smak-malinowy-120-ml-0045930\">zatogrip baby<\/a><\/li>\n<li><a href=\"https:\/\/gemini.pl\/zovirax-intensive-50-mg-1-g-krem-2-g-0002928\">zovirax<\/a><\/li>\n<\/ul>\n<\/li>\n<\/ul>\n","protected":false},"excerpt":{"rendered":"<p>A acard acc alantan plus allegra anaketon apap extra apap migrena aromactiv baby aspargin B balsam jerozolimski bepanthen betadine ma\u015b\u0107 biotifem max oscillococcinum bronchipret C calperos canephron cyclo 3 fort [&hellip;]<\/p>\n","protected":false},"author":1,"featured_media":0,"parent":0,"menu_order":0,"comment_status":"closed","ping_status":"closed","template":"regulations.php","meta":{"footnotes":""},"class_list":["post-81691","page","type-page","status-publish","hentry"],"yoast_head":"<!-- This site is optimized with the Yoast SEO Premium plugin v25.5 (Yoast SEO v25.5) - https:\/\/yoast.com\/wordpress\/plugins\/seo\/ -->\n<title>Produkty - Poradnik Gemini<\/title>\n<meta name=\"description\" content=\"Lekarze, farmaceuci i inni specjali\u015bci dziel\u0105 si\u0119 swoj\u0105 wiedz\u0105 na temat &quot;Produkty&quot;\" \/>\n<meta name=\"robots\" content=\"index, follow, max-snippet:-1, max-image-preview:large, max-video-preview:-1\" \/>\n<link rel=\"canonical\" href=\"https:\/\/gemini.pl\/poradnik\/produkty\/\" \/>\n<meta property=\"og:locale\" content=\"pl_PL\" \/>\n<meta property=\"og:type\" content=\"article\" \/>\n<meta property=\"og:title\" content=\"Produkty\" \/>\n<meta property=\"og:description\" content=\"Lekarze, farmaceuci i inni specjali\u015bci dziel\u0105 si\u0119 swoj\u0105 wiedz\u0105 na temat &quot;Produkty&quot;\" \/>\n<meta property=\"og:url\" content=\"https:\/\/gemini.pl\/poradnik\/produkty\/\" \/>\n<meta property=\"og:site_name\" content=\"Poradnik Gemini\" \/>\n<meta property=\"article:publisher\" content=\"https:\/\/www.facebook.com\/apteka.internetowa.gemini\" \/>\n<meta property=\"article:modified_time\" content=\"2022-06-13T13:01:52+00:00\" \/>\n<meta property=\"og:image\" content=\"https:\/\/gemini.pl\/poradnik\/wp-content\/uploads\/2018\/01\/w-tre\u015bci1.jpg\" \/>\n\t<meta property=\"og:image:width\" content=\"710\" \/>\n\t<meta property=\"og:image:height\" content=\"457\" \/>\n\t<meta property=\"og:image:type\" content=\"image\/jpeg\" \/>\n<meta name=\"twitter:card\" content=\"summary_large_image\" \/>\n<meta name=\"twitter:label1\" content=\"Szacowany czas czytania\" \/>\n\t<meta name=\"twitter:data1\" content=\"2 minuty\" \/>\n<script type=\"application\/ld+json\" class=\"yoast-schema-graph\">{\"@context\":\"https:\/\/schema.org\",\"@graph\":[{\"@type\":\"WebPage\",\"@id\":\"https:\/\/gemini.pl\/poradnik\/produkty\/\",\"url\":\"https:\/\/gemini.pl\/poradnik\/produkty\/\",\"name\":\"Produkty - Poradnik Gemini\",\"isPartOf\":{\"@id\":\"https:\/\/gemini.pl\/poradnik\/#website\"},\"datePublished\":\"2022-06-13T12:34:03+00:00\",\"dateModified\":\"2022-06-13T13:01:52+00:00\",\"description\":\"Lekarze, farmaceuci i inni specjali\u015bci dziel\u0105 si\u0119 swoj\u0105 wiedz\u0105 na temat \\\"Produkty\\\"\",\"inLanguage\":\"pl-PL\",\"potentialAction\":[{\"@type\":\"ReadAction\",\"target\":[\"https:\/\/gemini.pl\/poradnik\/produkty\/\"]}]},[],{\"@type\":\"WebSite\",\"@id\":\"https:\/\/gemini.pl\/poradnik\/#website\",\"url\":\"https:\/\/gemini.pl\/poradnik\/\",\"name\":\"Poradnik Gemini\",\"description\":\"Poradnik Gemini to blog informacyjno - edukacyjny o tematyce prozdrowotnej tworzony przez wykwalifikowanych specjalist\u00f3w. Pomagamy zadba\u0107 o zdrowie  dzieci, przysz\u0142ych mam, m\u0119\u017cczyzn oraz os\u00f3b starszych. Odpowiadamy tak\u017ce na pytania pacjent\u00f3w.\",\"publisher\":{\"@id\":\"https:\/\/gemini.pl\/poradnik\/#organization\"},\"potentialAction\":[{\"@type\":\"SearchAction\",\"target\":{\"@type\":\"EntryPoint\",\"urlTemplate\":\"https:\/\/gemini.pl\/poradnik\/?s={search_term_string}\"},\"query-input\":{\"@type\":\"PropertyValueSpecification\",\"valueRequired\":true,\"valueName\":\"search_term_string\"}}],\"inLanguage\":\"pl-PL\"},{\"@type\":\"Organization\",\"@id\":\"https:\/\/gemini.pl\/poradnik\/#organization\",\"name\":\"Poradnik Gemini\",\"url\":\"https:\/\/gemini.pl\/poradnik\/\",\"logo\":{\"@type\":\"ImageObject\",\"inLanguage\":\"pl-PL\",\"@id\":\"https:\/\/gemini.pl\/poradnik\/#\/schema\/logo\/image\/\",\"url\":\"https:\/\/gemini.pl\/poradnik\/wp-content\/uploads\/2019\/04\/poradnik-gemini-logo.jpg\",\"contentUrl\":\"https:\/\/gemini.pl\/poradnik\/wp-content\/uploads\/2019\/04\/poradnik-gemini-logo.jpg\",\"width\":219,\"height\":51,\"caption\":\"Poradnik Gemini\"},\"image\":{\"@id\":\"https:\/\/gemini.pl\/poradnik\/#\/schema\/logo\/image\/\"},\"sameAs\":[\"https:\/\/www.facebook.com\/apteka.internetowa.gemini\"]}]}<\/script>\n<!-- \/ Yoast SEO Premium plugin. -->","yoast_head_json":{"title":"Produkty - Poradnik Gemini","description":"Lekarze, farmaceuci i inni specjali\u015bci dziel\u0105 si\u0119 swoj\u0105 wiedz\u0105 na temat \"Produkty\"","robots":{"index":"index","follow":"follow","max-snippet":"max-snippet:-1","max-image-preview":"max-image-preview:large","max-video-preview":"max-video-preview:-1"},"canonical":"https:\/\/gemini.pl\/poradnik\/produkty\/","og_locale":"pl_PL","og_type":"article","og_title":"Produkty","og_description":"Lekarze, farmaceuci i inni specjali\u015bci dziel\u0105 si\u0119 swoj\u0105 wiedz\u0105 na temat \"Produkty\"","og_url":"https:\/\/gemini.pl\/poradnik\/produkty\/","og_site_name":"Poradnik Gemini","article_publisher":"https:\/\/www.facebook.com\/apteka.internetowa.gemini","article_modified_time":"2022-06-13T13:01:52+00:00","og_image":[{"width":710,"height":457,"url":"https:\/\/gemini.pl\/poradnik\/wp-content\/uploads\/2018\/01\/w-tre\u015bci1.jpg","type":"image\/jpeg"}],"twitter_card":"summary_large_image","twitter_misc":{"Szacowany czas czytania":"2 minuty"},"schema":{"@context":"https:\/\/schema.org","@graph":[{"@type":"WebPage","@id":"https:\/\/gemini.pl\/poradnik\/produkty\/","url":"https:\/\/gemini.pl\/poradnik\/produkty\/","name":"Produkty - Poradnik Gemini","isPartOf":{"@id":"https:\/\/gemini.pl\/poradnik\/#website"},"datePublished":"2022-06-13T12:34:03+00:00","dateModified":"2022-06-13T13:01:52+00:00","description":"Lekarze, farmaceuci i inni specjali\u015bci dziel\u0105 si\u0119 swoj\u0105 wiedz\u0105 na temat \"Produkty\"","inLanguage":"pl-PL","potentialAction":[{"@type":"ReadAction","target":["https:\/\/gemini.pl\/poradnik\/produkty\/"]}]},[],{"@type":"WebSite","@id":"https:\/\/gemini.pl\/poradnik\/#website","url":"https:\/\/gemini.pl\/poradnik\/","name":"Poradnik Gemini","description":"Poradnik Gemini to blog informacyjno - edukacyjny o tematyce prozdrowotnej tworzony przez wykwalifikowanych specjalist\u00f3w. Pomagamy zadba\u0107 o zdrowie  dzieci, przysz\u0142ych mam, m\u0119\u017cczyzn oraz os\u00f3b starszych. Odpowiadamy tak\u017ce na pytania pacjent\u00f3w.","publisher":{"@id":"https:\/\/gemini.pl\/poradnik\/#organization"},"potentialAction":[{"@type":"SearchAction","target":{"@type":"EntryPoint","urlTemplate":"https:\/\/gemini.pl\/poradnik\/?s={search_term_string}"},"query-input":{"@type":"PropertyValueSpecification","valueRequired":true,"valueName":"search_term_string"}}],"inLanguage":"pl-PL"},{"@type":"Organization","@id":"https:\/\/gemini.pl\/poradnik\/#organization","name":"Poradnik Gemini","url":"https:\/\/gemini.pl\/poradnik\/","logo":{"@type":"ImageObject","inLanguage":"pl-PL","@id":"https:\/\/gemini.pl\/poradnik\/#\/schema\/logo\/image\/","url":"https:\/\/gemini.pl\/poradnik\/wp-content\/uploads\/2019\/04\/poradnik-gemini-logo.jpg","contentUrl":"https:\/\/gemini.pl\/poradnik\/wp-content\/uploads\/2019\/04\/poradnik-gemini-logo.jpg","width":219,"height":51,"caption":"Poradnik Gemini"},"image":{"@id":"https:\/\/gemini.pl\/poradnik\/#\/schema\/logo\/image\/"},"sameAs":["https:\/\/www.facebook.com\/apteka.internetowa.gemini"]}]}},"_links":{"self":[{"href":"https:\/\/gemini.pl\/poradnik\/wp-json\/wp\/v2\/pages\/81691","targetHints":{"allow":["GET"]}}],"collection":[{"href":"https:\/\/gemini.pl\/poradnik\/wp-json\/wp\/v2\/pages"}],"about":[{"href":"https:\/\/gemini.pl\/poradnik\/wp-json\/wp\/v2\/types\/page"}],"author":[{"embeddable":true,"href":"https:\/\/gemini.pl\/poradnik\/wp-json\/wp\/v2\/users\/1"}],"replies":[{"embeddable":true,"href":"https:\/\/gemini.pl\/poradnik\/wp-json\/wp\/v2\/comments?post=81691"}],"version-history":[{"count":2,"href":"https:\/\/gemini.pl\/poradnik\/wp-json\/wp\/v2\/pages\/81691\/revisions"}],"predecessor-version":[{"id":81702,"href":"https:\/\/gemini.pl\/poradnik\/wp-json\/wp\/v2\/pages\/81691\/revisions\/81702"}],"wp:attachment":[{"href":"https:\/\/gemini.pl\/poradnik\/wp-json\/wp\/v2\/media?parent=81691"}],"curies":[{"name":"wp","href":"https:\/\/api.w.org\/{rel}","templated":true}]}}